{"id":69,"date":"2026-01-13T21:53:31","date_gmt":"2026-01-13T14:53:31","guid":{"rendered":"https:\/\/nongan.site\/?page_id=69"},"modified":"2026-02-22T01:21:56","modified_gmt":"2026-02-21T18:21:56","slug":"lien-he","status":"publish","type":"page","link":"https:\/\/nongan.site\/index.php\/lien-he\/","title":{"rendered":"Li\u00ean h\u1ec7"},"content":{"rendered":"\n\t<section class=\"section\" id=\"section_1934445810\">\n\t\t<div class=\"section-bg fill\" >\n\t\t\t\t\t\t\t\t\t\n\t\t\t\n\n\t\t<\/div>\n\n\t\t\n\n\t\t<div class=\"section-content relative\">\n\t\t\t\n<div class=\"row\"  id=\"row-769166223\">\n\n\t<div id=\"col-631408959\" class=\"col medium-6 small-12 large-6\"  >\n\t\t\t\t<div class=\"col-inner\"  >\n\t\t\t\n\t\t\t\n\t<div id=\"text-501586284\" class=\"text\">\n\t\t\n<h2 class=\"uppercase\">Th\u00f4ng tin li\u00ean h\u1ec7:<\/h2>\n\t\t\n<style>\n#text-501586284 {\n  color: #627D47;\n}\n#text-501586284 > * {\n  color: #627D47;\n}\n<\/style>\n\t<\/div>\n\t\n\t<div id=\"text-3481183885\" class=\"text\">\n\t\t\n<p>B\u1ea1n c\u00f3 th\u1ec3 li\u00ean l\u1ea1c v\u1edbi ch\u00fang t\u00f4i qua trang Fanpage facebook ch\u00ednh th\u1ee9c: <a href=\"_wp_link_placeholder\" data-wplink-edit=\"true\">N\u00f4ng An &#8211; An t\u00e2m l\u00e0m n\u00f4ng.\u00a0<\/a><br \/>Ho\u1eb7c c\u00f3 th\u1ec3 li\u00ean h\u1ec7 tr\u1ef1c ti\u1ebfp v\u1edbi nh\u00f3m tr\u01b0\u1edfng d\u1ef1 \u00e1n:<br \/>S\u0110T : 0902583341<br \/>Gmail: damtienvuvu1@gmail.com<\/p>\n\t\t\n<style>\n#text-3481183885 {\n  color: rgb(0,0,0);\n}\n#text-3481183885 > * {\n  color: rgb(0,0,0);\n}\n<\/style>\n\t<\/div>\n\t\n<a href=\"https:\/\/www.facebook.com\/profile.php?id=61586284547869\" class=\"button primary\" style=\"border-radius:99px;\">\n\t\t<span>Fanpage ch\u00ednh th\u1ee9c<\/span>\n\t<\/a>\n\n\t\t<\/div>\n\t\t\t\t\t<\/div>\n\n\t\n\n\t<div id=\"col-1986869398\" class=\"col medium-6 small-12 large-6\"  >\n\t\t\t\t<div class=\"col-inner\"  >\n\t\t\t\n\t\t\t\n\t<div class=\"img has-hover x md-x lg-x y md-y lg-y\" id=\"image_109618568\">\n\t\t\t\t\t\t\t\t<div class=\"img-inner dark\" >\n\t\t\t<img loading=\"lazy\" decoding=\"async\" width=\"300\" height=\"233\" src=\"https:\/\/nongan.site\/wp-content\/uploads\/2026\/02\/Screenshot-2026-02-22-011821-300x233.png\" class=\"attachment-medium size-medium\" alt=\"\" srcset=\"https:\/\/nongan.site\/wp-content\/uploads\/2026\/02\/Screenshot-2026-02-22-011821-300x233.png 300w, https:\/\/nongan.site\/wp-content\/uploads\/2026\/02\/Screenshot-2026-02-22-011821-1024x796.png 1024w, https:\/\/nongan.site\/wp-content\/uploads\/2026\/02\/Screenshot-2026-02-22-011821-768x597.png 768w, https:\/\/nongan.site\/wp-content\/uploads\/2026\/02\/Screenshot-2026-02-22-011821-1536x1193.png 1536w, https:\/\/nongan.site\/wp-content\/uploads\/2026\/02\/Screenshot-2026-02-22-011821-600x466.png 600w, https:\/\/nongan.site\/wp-content\/uploads\/2026\/02\/Screenshot-2026-02-22-011821.png 1632w\" sizes=\"auto, (max-width: 300px) 100vw, 300px\" \/>\t\t\t\t\t\t\n\t\t\t\t\t<\/div>\n\t\t\t\t\t\t\t\t\n<style>\n#image_109618568 {\n  width: 100%;\n}\n<\/style>\n\t<\/div>\n\t\n\t<div id=\"text-390376844\" class=\"text\">\n\t\t\n<p>\u1ea2nh Fanpage Facebook N\u00f4ng An<\/p>\n\t\t\n<style>\n#text-390376844 {\n  font-size: 0.85rem;\n}\n<\/style>\n\t<\/div>\n\t\n\t\t<\/div>\n\t\t\t\t\t<\/div>\n\n\t\n<\/div>\n\t\t<\/div>\n\n\t\t\n<style>\n#section_1934445810 {\n  padding-top: 30px;\n  padding-bottom: 30px;\n}\n<\/style>\n\t<\/section>\n\t\n","protected":false},"excerpt":{"rendered":"","protected":false},"author":1,"featured_media":0,"parent":0,"menu_order":0,"comment_status":"closed","ping_status":"closed","template":"","meta":{"footnotes":""},"class_list":["post-69","page","type-page","status-publish","hentry"],"_links":{"self":[{"href":"https:\/\/nongan.site\/index.php\/wp-json\/wp\/v2\/pages\/69","targetHints":{"allow":["GET"]}}],"collection":[{"href":"https:\/\/nongan.site\/index.php\/wp-json\/wp\/v2\/pages"}],"about":[{"href":"https:\/\/nongan.site\/index.php\/wp-json\/wp\/v2\/types\/page"}],"author":[{"embeddable":true,"href":"https:\/\/nongan.site\/index.php\/wp-json\/wp\/v2\/users\/1"}],"replies":[{"embeddable":true,"href":"https:\/\/nongan.site\/index.php\/wp-json\/wp\/v2\/comments?post=69"}],"version-history":[{"count":5,"href":"https:\/\/nongan.site\/index.php\/wp-json\/wp\/v2\/pages\/69\/revisions"}],"predecessor-version":[{"id":292,"href":"https:\/\/nongan.site\/index.php\/wp-json\/wp\/v2\/pages\/69\/revisions\/292"}],"wp:attachment":[{"href":"https:\/\/nongan.site\/index.php\/wp-json\/wp\/v2\/media?parent=69"}],"curies":[{"name":"wp","href":"https:\/\/api.w.org\/{rel}","templated":true}]}}