{"id":73,"date":"2026-01-13T21:55:03","date_gmt":"2026-01-13T14:55:03","guid":{"rendered":"https:\/\/nongan.site\/?page_id=73"},"modified":"2026-02-21T18:58:54","modified_gmt":"2026-02-21T11:58:54","slug":"dich-vu","status":"publish","type":"page","link":"https:\/\/nongan.site\/index.php\/dich-vu\/","title":{"rendered":"D\u1ecbch v\u1ee5"},"content":{"rendered":"<div class=\"row\"  id=\"row-2383391\">\n\n\t<div id=\"col-1092166408\" class=\"col medium-6 small-12 large-6\"  >\n\t\t\t\t<div class=\"col-inner\"  >\n\t\t\t\n\t\t\t\n\t<div class=\"img has-hover x md-x lg-x y md-y lg-y\" id=\"image_722905102\">\n\t\t\t\t\t\t\t\t<div class=\"img-inner dark\" >\n\t\t\t<img loading=\"lazy\" decoding=\"async\" width=\"225\" height=\"300\" src=\"https:\/\/nongan.site\/wp-content\/uploads\/2026\/02\/z7551574732574_7fa55ad024b2b32e4cbb8d1639b5e45d-225x300.jpg\" class=\"attachment-medium size-medium\" alt=\"\" srcset=\"https:\/\/nongan.site\/wp-content\/uploads\/2026\/02\/z7551574732574_7fa55ad024b2b32e4cbb8d1639b5e45d-225x300.jpg 225w, https:\/\/nongan.site\/wp-content\/uploads\/2026\/02\/z7551574732574_7fa55ad024b2b32e4cbb8d1639b5e45d-768x1024.jpg 768w, https:\/\/nongan.site\/wp-content\/uploads\/2026\/02\/z7551574732574_7fa55ad024b2b32e4cbb8d1639b5e45d-600x800.jpg 600w, https:\/\/nongan.site\/wp-content\/uploads\/2026\/02\/z7551574732574_7fa55ad024b2b32e4cbb8d1639b5e45d-e1771675114912.jpg 150w\" sizes=\"auto, (max-width: 225px) 100vw, 225px\" \/>\t\t\t\t\t\t\n\t\t\t\t\t<\/div>\n\t\t\t\t\t\t\t\t\n<style>\n#image_722905102 {\n  width: 100%;\n}\n<\/style>\n\t<\/div>\n\t\n\t\t<\/div>\n\t\t\t\t\t<\/div>\n\n\t\n\n\t<div id=\"col-923681610\" class=\"col medium-6 small-12 large-6\"  >\n\t\t\t\t<div class=\"col-inner\"  >\n\t\t\t\n\t\t\t\n<h3><span style=\"font-size: 20.16px;\">Xin l\u1ed7i, hi\u1ec7n t\u1ea1i ch\u00fang t\u00f4i \u0111ang c\u1eadp nh\u1eadt t\u00ednh n\u0103ng n\u00e0y<\/span><\/h3>\n<h3><span style=\"color: #555555;\"><span style=\"font-size: 14.4px;\">B\u1ea1n \u0111ang t\u00ecm ki\u1ebfm d\u1ecbch v\u1ee5 n\u00f4ng nghi\u1ec7p?<\/span><\/span><\/h3>\n<p><span style=\"color: #555555;\"><span style=\"font-size: 14.4px;\">N\u00f4ng An ch\u00fang t\u00f4i \u0111ang nghi\u00ean c\u1ee9u v\u00e0 \u0111\u01b0a ra c\u00e1c gi\u1ea3i ph\u00e1p n\u00f4ng nghi\u1ec7p cho b\u1ea1n. <\/span><\/span>Tr\u01b0\u1edbc m\u1eaft, b\u1ea1n c\u00f3 th\u1ec3 truy c\u1eadp website \u0111\u1ed1i t\u00e1c ch\u00fang t\u00f4i \u0111\u1ec3 t\u00ecm th\u1ee9 b\u1ea1n c\u1ea7n nh\u00e1.<\/p>\n<a href=\"https:\/\/phuongtrunggreen.com\/dich-vu\/\" class=\"button primary\" style=\"border-radius:99px;\">\n\t\t<span>Truy c\u1eadp website d\u1ecbch v\u1ee5 \u0111\u1ed1i t\u00e1c<\/span>\n\t<\/a>\n\n\t\t<\/div>\n\t\t\t\t\t<\/div>\n\n\t\n<\/div>\n","protected":false},"excerpt":{"rendered":"","protected":false},"author":1,"featured_media":0,"parent":0,"menu_order":0,"comment_status":"closed","ping_status":"closed","template":"","meta":{"footnotes":""},"class_list":["post-73","page","type-page","status-publish","hentry"],"_links":{"self":[{"href":"https:\/\/nongan.site\/index.php\/wp-json\/wp\/v2\/pages\/73","targetHints":{"allow":["GET"]}}],"collection":[{"href":"https:\/\/nongan.site\/index.php\/wp-json\/wp\/v2\/pages"}],"about":[{"href":"https:\/\/nongan.site\/index.php\/wp-json\/wp\/v2\/types\/page"}],"author":[{"embeddable":true,"href":"https:\/\/nongan.site\/index.php\/wp-json\/wp\/v2\/users\/1"}],"replies":[{"embeddable":true,"href":"https:\/\/nongan.site\/index.php\/wp-json\/wp\/v2\/comments?post=73"}],"version-history":[{"count":2,"href":"https:\/\/nongan.site\/index.php\/wp-json\/wp\/v2\/pages\/73\/revisions"}],"predecessor-version":[{"id":273,"href":"https:\/\/nongan.site\/index.php\/wp-json\/wp\/v2\/pages\/73\/revisions\/273"}],"wp:attachment":[{"href":"https:\/\/nongan.site\/index.php\/wp-json\/wp\/v2\/media?parent=73"}],"curies":[{"name":"wp","href":"https:\/\/api.w.org\/{rel}","templated":true}]}}