{"id":115,"date":"2026-01-13T23:21:14","date_gmt":"2026-01-13T16:21:14","guid":{"rendered":"https:\/\/nongan.site\/?post_type=product&#038;p=115"},"modified":"2026-01-13T23:30:06","modified_gmt":"2026-01-13T16:30:06","slug":"phan-huu-co-jord-nauy-cai-tao-dat-phat-trien-re-cho-rau-cu-qua","status":"publish","type":"product","link":"https:\/\/nongan.site\/index.php\/san-pham\/phan-huu-co-jord-nauy-cai-tao-dat-phat-trien-re-cho-rau-cu-qua\/","title":{"rendered":"Ph\u00e2n h\u1eefu c\u01a1 Jord Nauy \u2013 C\u1ea3i t\u1ea1o \u0111\u1ea5t, ph\u00e1t tri\u1ec3n r\u1ec5 cho rau c\u1ee7 qu\u1ea3"},"content":{"rendered":"<h2 data-previous-pointer=\"default\"><span data-previous-pointer=\"default\"><strong data-previous-pointer=\"default\">M\u00f4 t\u1ea3 s\u1ea3n ph\u1ea9m<\/strong><\/span><\/h2>\n<div data-previous-pointer=\"default\">\n<p><span data-previous-pointer=\"default\"><a href=\"https:\/\/nongnghieppho.vn\/products\/phan-bon-huu-co-jord-nauy\" data-previous-pointer=\"default\"><em data-previous-pointer=\"default\"><strong data-previous-pointer=\"default\">Ph\u00e2n b\u00f3n h\u1eefu c\u01a1 Jord Nauy<\/strong><\/em><\/a>\u00a0hay c\u00f2n g\u1ecdi l\u00e0 ph\u00e2n h\u1eefu c\u01a1 Jord ho\u1eb7c ph\u00e2n c\u00e1 h\u1ed3i Jord\u00a0Nauy (69%OM), l\u00e0 lo\u1ea1i ph\u00e2n b\u00f3n h\u1eefu c\u01a1 \u0111\u1eb7c bi\u1ec7t, v\u1edbi th\u00e0nh ph\u1ea7n ch\u1ee7 y\u1ebfu t\u1eeb c\u00e1 h\u1ed3i v\u00e0 c\u00e1c kho\u00e1ng ch\u1ea5t t\u1ef1 nhi\u00ean.\u00a0S\u1ea3n ph\u1ea9m n\u00e0y \u0111\u01b0\u1ee3c thi\u1ebft k\u1ebf d\u01b0\u1edbi d\u1ea1ng vi\u00ean n\u00e9n nh\u1ecf, m\u00e0u\u00a0\u0111en b\u00f3ng, c\u00f3 m\u00f9i \u0111\u1eb7c tr\u01b0ng. C\u00e1c h\u1ea1t ph\u00e2n \u0111\u00e3 \u0111\u01b0\u1ee3c \u1ee7 hoai k\u1ef9, khi r\u00e3 kh\u00f4ng c\u00f3 x\u00e1c th\u00f4, ch\u1ea5t h\u1eefu c\u01a1 ph\u00e2n gi\u1ea3i t\u1eeb t\u1eeb gi\u00fap c\u00e2y h\u1ea5p th\u1ee5 t\u1ed1t v\u00e0 l\u00e2u d\u00e0i.\u00a0Ph\u00e2n c\u00e1 h\u1ed3i Jord ch\u1ee9a dinh d\u01b0\u1ee1ng \u0111\u1ea7y \u0111\u1ee7 c\u00e1c ch\u1ea5t \u0111\u1ea1m &#8211;\u00a0 l\u00e2n &#8211; kali v\u00e0 c\u00e1c trung vi l\u01b0\u1ee3ng c\u00f9ng v\u1edbi h\u00e0m l\u01b0\u1ee3ng cao axit humic, axit fulvic&#8230;\u00a0C\u00e1c ch\u1ea5t dinh d\u01b0\u1ee1ng hi\u1ec7n di\u1ec7n d\u01b0\u1edbi d\u1ea1ng ph\u00e2n t\u1eed ph\u1ee9c h\u1ee3p gi\u00fap ch\u00fang kh\u00f4ng b\u1ecb r\u1eeda tr\u00f4i khi t\u01b0\u1edbi n\u01b0\u1edbc hay g\u1eb7p ph\u1ea3i m\u01b0a.<\/span><\/p>\n<p data-previous-pointer=\"default\">\n<\/div>\n<div data-previous-pointer=\"default\">\n<p data-previous-pointer=\"default\"><img decoding=\"async\" class=\"aligncenter\" src=\"https:\/\/file.hstatic.net\/1000269461\/file\/jord-nauy-5_14877f8fb18f46769809ac48453468b7_grande.jpg\" alt=\"jord-nauy\" data-previous-pointer=\"default\" \/><\/p>\n<\/div>\n<div data-previous-pointer=\"default\">\n<p data-previous-pointer=\"default\"><img decoding=\"async\" class=\"aligncenter\" src=\"https:\/\/file.hstatic.net\/1000269461\/file\/jord-nauy-6_a46b13bb03c74230aef0c963071861eb_grande.jpg\" alt=\"jord-nauy\" data-previous-pointer=\"default\" \/><\/p>\n<hr data-previous-pointer=\"default\" \/>\n<h2 data-previous-pointer=\"default\"><span data-previous-pointer=\"default\"><strong data-previous-pointer=\"default\">C\u00f4ng d\u1ee5ng c\u1ee7a ph\u00e2n h\u1eefu c\u01a1 Jord\u00a0<\/strong><\/span><\/h2>\n<p data-previous-pointer=\"default\"><span data-previous-pointer=\"default\">\u2022 Gi\u00fap c\u1ea3i thi\u1ec7n c\u1ea5u tr\u00fac \u0111\u1ea5t tr\u1ed3ng.<\/span><\/p>\n<p data-previous-pointer=\"default\"><span data-previous-pointer=\"default\">\u2022 K\u00edch th\u00edch b\u1ed9 r\u1ec5 ph\u00e1t tri\u1ec3n, t\u0103ng hi\u1ec7u qu\u1ea3 s\u1eed d\u1ee5ng ph\u00e2n kho\u00e1ng.<\/span><\/p>\n<p data-previous-pointer=\"default\"><span data-previous-pointer=\"default\">\u2022 T\u1ea1o m\u00f4i tr\u01b0\u1eddng t\u1ed1i \u01b0u cho sinh v\u1eadt c\u00f3 l\u1ee3i v\u00e0 r\u1ec5 c\u00e2y tr\u1ed3ng ph\u00e1t tri\u1ec3n.<\/span><\/p>\n<p data-previous-pointer=\"default\"><span data-previous-pointer=\"default\">\u2022 B\u1ed5 sung dinh d\u01b0\u1ee1ng cho c\u00e2y, gi\u00fap c\u00e2y ph\u00e1t tri\u1ec3n nhanh, c\u00e2n \u0111\u1ed1i.<\/span><\/p>\n<p data-previous-pointer=\"default\"><span data-previous-pointer=\"default\">\u2022 T\u0103ng c\u01b0\u1eddng qu\u00e1 tr\u00ecnh quang h\u1ee3p, trao \u0111\u1ed5i ch\u1ea5t, gi\u00fap c\u00e2y ph\u00e1t tri\u1ec3n m\u1ea1nh.<\/span><\/p>\n<p data-previous-pointer=\"default\"><span data-previous-pointer=\"default\">\u2022 Ph\u00e2n jord nauy c\u00f3\u00a0\u0111\u1eb7c t\u00ednh &#8220;tan ch\u1eadm\u201d c\u00f9ng v\u1edbi l\u1edbp b\u1ecdc h\u1eefu c\u01a1 b\u1ecb ph\u00e2n hu\u1ef7 theo th\u1eddi gian s\u1ebd cung c\u1ea5p dinh d\u01b0\u1ee1ng d\u00e0i l\u00e2u, b\u1ec1n b\u1ec9 cho c\u00e2y tr\u1ed3ng.<\/span><\/p>\n<p data-previous-pointer=\"default\"><span data-previous-pointer=\"default\">\u2022 L\u00f5i h\u1eefu c\u01a1 ch\u1ee9a nhi\u1ec1u ho\u1ea1t ch\u1ea5t sinh h\u1ecdc nh\u01b0 axit humic, axit fulvic,.. t\u1ea1o m\u00f4i tr\u01b0\u1eddng t\u1ed1i \u01b0u cho sinh v\u1eadt c\u00f3 l\u1ee3i v\u00e0 r\u1ec5 c\u00e2y tr\u1ed3ng ph\u00e1t tri\u1ec3n.<\/span><\/p>\n<p data-previous-pointer=\"default\"><span data-previous-pointer=\"default\">\u2022 N\u00e2ng cao n\u0103ng su\u1ea5t v\u00e0 kh\u1ea3 n\u0103ng ch\u1ed1ng ch\u1ecbu c\u1ee7a c\u00e2y \u0111\u1ed1i v\u1edbi n\u1eafng h\u1ea1n, s\u00e2u b\u1ec7nh.<\/span><\/p>\n<hr data-previous-pointer=\"default\" \/>\n<h2 data-previous-pointer=\"default\"><span data-previous-pointer=\"default\"><strong data-previous-pointer=\"default\">H\u01b0\u1edbng d\u1eabn s\u1eed d\u1ee5ng<\/strong><\/span><\/h2>\n<p data-previous-pointer=\"default\"><span data-previous-pointer=\"default\">\u2022 Rau \u0103n qu\u1ea3, c\u00e0 chua, d\u01b0a h\u1ea5u, \u1edbt, ch\u00e8: B\u00f3n l\u00f3t 50kg &#8211; 70kg\/ 1000m<sup data-previous-pointer=\"default\">3<\/sup>. B\u00f3n th\u00fac khi vun g\u1ed1c 50kg &#8211; 70kg\/ 1000m<sup data-previous-pointer=\"default\">3<\/sup>.<\/span><\/p>\n<p data-previous-pointer=\"default\"><span data-previous-pointer=\"default\">\u2022 Rau hoa, d\u00e2u t\u00e2y, l\u00faa, b\u1eafp: B\u00f3n l\u00f3t 50kg &#8211; 70kg\/ m<sup data-previous-pointer=\"default\">3<\/sup>\u00a0ho\u1eb7c b\u00f3n th\u00fac 2\u00a0&#8211; 3 \u0111\u1ee3t.<\/span><\/p>\n<p data-previous-pointer=\"default\"><span data-previous-pointer=\"default\">\u2022 Khoai m\u1ee1, khoai lang, khoai m\u00ec: b\u00f3n l\u00f3t 50kg &#8211; 70kg\/ 1000m<sup data-previous-pointer=\"default\">3<\/sup>. B\u00f3n th\u00fac khi vun g\u1ed1c 50kg &#8211; 70kg\/ 1000m<sup data-previous-pointer=\"default\">3<\/sup>.<\/span><\/p>\n<p data-previous-pointer=\"default\"><span data-previous-pointer=\"default\">\u2022 C\u00e2y \u0103n tr\u00e1i nh\u01b0 ch\u00f4m ch\u00f4m, xo\u00e0i, m\u00e3ng c\u1ea7u, s\u1ea7u ri\u00eang, cam, b\u01b0\u1edfi, nh\u00e3n, thanh long, v\u00fa s\u1eefa, s\u01a1 ri: Sau thu ho\u1ea1ch b\u00f3n 3kg &#8211; 4kg\/ c\u00e2y, tr\u01b0\u1edbc khi ph\u00e2n h\u00f3a m\u1ea7m c\u00e2y b\u00f3n 3kg &#8211; 5kg\/ c\u00e2y.<\/span><\/p>\n<p data-previous-pointer=\"default\"><span data-previous-pointer=\"default\">\u2022 C\u00e2y c\u00f4ng nghi\u1ec7p nh\u01b0 h\u1ed3 ti\u00eau, \u0111i\u1ec1u, ca cao: Sau thu ho\u1ea1ch b\u00f3n 2kg &#8211; 3kg\/ c\u00e2y, tr\u01b0\u1edbc khi ph\u00e2n h\u00f3a m\u1ea7m hoa b\u00f3n\u00a01kg &#8211; 2kg\/ c\u00e2y.<\/span><\/p>\n<p data-previous-pointer=\"default\"><span data-previous-pointer=\"default\">\u2022 C\u00e2y cao su: V\u00e0o \u0111\u1ea7u m\u00f9a m\u01b0a b\u00f3n 3kg &#8211; 4kg\/ c\u00e2y, b\u00f3n tr\u01b0\u1edbc khi thay l\u00e1 1 &#8211; 2 t\u1ea5n\/ ha,\u00a0b\u00f3n cho v\u01b0\u1eddn cao su ki\u1ebfn thi\u1ebft c\u01a1 b\u1ea3n 1kg &#8211; 2kg\/ c\u00e2y.<\/span><\/p>\n<p data-previous-pointer=\"default\"><img decoding=\"async\" class=\"aligncenter\" src=\"https:\/\/file.hstatic.net\/1000269461\/file\/jord-nauy-7_8e551d2d54924beda6c500689512e233_grande.jpg\" alt=\"jord-nauy\" data-previous-pointer=\"default\" \/><\/p>\n<hr data-previous-pointer=\"default\" \/>\n<h2 data-previous-pointer=\"default\"><span data-previous-pointer=\"default\"><strong data-previous-pointer=\"default\">H\u01b0\u1edbng d\u1eabn b\u1ea3o qu\u1ea3n<\/strong><\/span><\/h2>\n<p data-previous-pointer=\"default\"><span data-previous-pointer=\"default\">\u2022 B\u1ea3o qu\u1ea3n n\u01a1i kh\u00f4 r\u00e1o, tho\u00e1ng m\u00e1t.<\/span><\/p>\n<p data-previous-pointer=\"default\"><span data-previous-pointer=\"default\">\u2022 Tr\u00e1nh xa t\u1ea7m tay tr\u1ebb em, xa ngu\u1ed3n th\u1ef1c ph\u1ea9m.<\/span><\/p>\n<p data-previous-pointer=\"default\"><span data-previous-pointer=\"default\">\u2022 N\u00ean \u0111eo g\u0103ng tay khi s\u1eed d\u1ee5ng.<\/span><\/p>\n<p data-previous-pointer=\"default\"><span data-previous-pointer=\"default\">\u2022 C\u1ed9t ch\u1eb7t mi\u1ec7ng bao sau khi s\u1eed d\u1ee5ng.<\/span><\/p>\n<\/div>\n","protected":false},"excerpt":{"rendered":"<h2 data-previous-pointer=\"default\"><span data-previous-pointer=\"default\"><strong data-previous-pointer=\"default\">Th\u00e0nh ph\u1ea7n<\/strong><\/span><\/h2>\n<p data-previous-pointer=\"default\"><span data-previous-pointer=\"default\">\u2022 H\u1eefu c\u01a1: 69%.<\/span><\/p>\n<p data-previous-pointer=\"default\"><span data-previous-pointer=\"default\">\u2022 N<sub data-previous-pointer=\"default\">ts<\/sub>: 3.93%, P<sub data-previous-pointer=\"default\">2<\/sub>O<sub data-previous-pointer=\"default\">5<\/sub>: 2.45%, K<sub data-previous-pointer=\"default\">2<\/sub>O: 1.81%.<\/span><\/p>\n<p data-previous-pointer=\"default\"><span data-previous-pointer=\"default\">\u2022 Vi l\u01b0\u1ee3ng: Mg, Ca, S, Fe, Cu, B, Mn, Zn.<\/span><\/p>\n<p data-previous-pointer=\"default\"><span data-previous-pointer=\"default\">\u2022 \u0110\u1ed9 \u1ea9m: 12%.<\/span><\/p>\n<p data-previous-pointer=\"default\"><span data-previous-pointer=\"default\">\u2022 C\/N: 11.2.<\/span><\/p>\n<p data-previous-pointer=\"default\"><span data-previous-pointer=\"default\">\u2022 pH: 5.3.<\/span><\/p>\n<p data-previous-pointer=\"default\"><span data-previous-pointer=\"default\"><strong data-previous-pointer=\"default\">Xu\u1ea5t x\u1ee9:<\/strong><\/span><span data-previous-pointer=\"default\">\u00a0Nauy.<\/span><\/p>\n<p data-previous-pointer=\"default\"><span data-previous-pointer=\"default\"><strong data-previous-pointer=\"default\">S\u1ea3n xu\u1ea5t b\u1edfi:<\/strong><\/span><span data-previous-pointer=\"default\"> Host Verdien i Avfall AS.<\/span><\/p>\n<p data-previous-pointer=\"default\"><span data-previous-pointer=\"default\"><strong data-previous-pointer=\"default\">Nh\u1eadp kh\u1ea9u v\u00e0 ph\u00e2n ph\u1ed1i b\u1edfi:<\/strong><\/span><span data-previous-pointer=\"default\"> C\u00f4ng ty TNHH ECOFOOTPRINT.<\/span><\/p>\n","protected":false},"featured_media":120,"comment_status":"open","ping_status":"closed","template":"","meta":[],"product_brand":[],"product_cat":[26],"product_tag":[],"class_list":{"0":"post-115","1":"product","2":"type-product","3":"status-publish","4":"has-post-thumbnail","6":"product_cat-phan-bon","8":"first","9":"instock","10":"sale","11":"shipping-taxable","12":"purchasable","13":"product-type-variable"},"_links":{"self":[{"href":"https:\/\/nongan.site\/index.php\/wp-json\/wp\/v2\/product\/115","targetHints":{"allow":["GET"]}}],"collection":[{"href":"https:\/\/nongan.site\/index.php\/wp-json\/wp\/v2\/product"}],"about":[{"href":"https:\/\/nongan.site\/index.php\/wp-json\/wp\/v2\/types\/product"}],"replies":[{"embeddable":true,"href":"https:\/\/nongan.site\/index.php\/wp-json\/wp\/v2\/comments?post=115"}],"wp:featuredmedia":[{"embeddable":true,"href":"https:\/\/nongan.site\/index.php\/wp-json\/wp\/v2\/media\/120"}],"wp:attachment":[{"href":"https:\/\/nongan.site\/index.php\/wp-json\/wp\/v2\/media?parent=115"}],"wp:term":[{"taxonomy":"product_brand","embeddable":true,"href":"https:\/\/nongan.site\/index.php\/wp-json\/wp\/v2\/product_brand?post=115"},{"taxonomy":"product_cat","embeddable":true,"href":"https:\/\/nongan.site\/index.php\/wp-json\/wp\/v2\/product_cat?post=115"},{"taxonomy":"product_tag","embeddable":true,"href":"https:\/\/nongan.site\/index.php\/wp-json\/wp\/v2\/product_tag?post=115"}],"curies":[{"name":"wp","href":"https:\/\/api.w.org\/{rel}","templated":true}]}}