{"id":212,"date":"2026-01-27T13:41:02","date_gmt":"2026-01-27T06:41:02","guid":{"rendered":"https:\/\/nongan.site\/?post_type=product&#038;p=212"},"modified":"2026-01-27T13:41:02","modified_gmt":"2026-01-27T06:41:02","slug":"phan-bon-nodaji-xuat-xu-han-quoc","status":"publish","type":"product","link":"https:\/\/nongan.site\/index.php\/san-pham\/phan-bon-nodaji-xuat-xu-han-quoc\/","title":{"rendered":"Ph\u00e2n b\u00f3n NODAJI &#8211; Xu\u1ea5t x\u1ee9 H\u00e0n Qu\u1ed1c"},"content":{"rendered":"<p data-pm-slice=\"1 1 []\">Ph\u00e2n b\u00f3n h\u1eefu c\u01a1 Nodaji \u0111\u01b0\u1ee3c nh\u1eadp kh\u1ea9u tr\u1ef1c ti\u1ebfp t\u1eeb H\u00e0n Qu\u1ed1c v\u1edbi c\u00f4ng th\u1ee9c ti\u00ean ti\u1ebfn, gi\u00fap c\u00e2y tr\u1ed3ng ph\u00e1t tri\u1ec3n m\u1ea1nh m\u1ebd, t\u0103ng n\u0103ng su\u1ea5t v\u00e0 c\u1ea3i t\u1ea1o \u0111\u1ea5t b\u1ec1n v\u1eefng. S\u1ea3n ph\u1ea9m ph\u00f9 h\u1ee3p cho nhi\u1ec1u lo\u1ea1i c\u00e2y tr\u1ed3ng nh\u01b0 hoa, c\u00e2y c\u1ea3nh, rau xanh, c\u00e2y \u0103n tr\u00e1i, mang l\u1ea1i hi\u1ec7u qu\u1ea3 v\u01b0\u1ee3t tr\u1ed9i m\u00e0 v\u1eabn an to\u00e0n cho m\u00f4i tr\u01b0\u1eddng.<\/p>\n<div class=\"meta-related\"><\/div>\n<p data-pm-slice=\"0 0 []\">Th\u00e0nh ph\u1ea7n gi\u00e0u ch\u1ea5t h\u1eefu c\u01a1 v\u00e0 vi sinh v\u1eadt c\u00f3 l\u1ee3i, NODAJI kh\u00f4ng ch\u1ec9 cung c\u1ea5p dinh d\u01b0\u1ee1ng thi\u1ebft y\u1ebfu m\u00e0 c\u00f2n gi\u00fap c\u00e2y tr\u1ed3ng kh\u00e1ng b\u1ec7nh, ph\u00e1t tri\u1ec3n kh\u1ecfe m\u1ea1nh m\u00e0 kh\u00f4ng g\u00e2y h\u1ea1i cho m\u00f4i tr\u01b0\u1eddng.<\/p>\n<h3 data-pm-slice=\"0 0 []\"><img loading=\"lazy\" decoding=\"async\" class=\"size-full wp-image-1032 aligncenter lazy-load-active\" src=\"https:\/\/nongnghiepvui.vn\/wp-content\/uploads\/2020\/09\/nodaji-1.jpg\" sizes=\"auto, (max-width: 1038px) 100vw, 1038px\" srcset=\"https:\/\/nongnghiepvui.vn\/wp-content\/uploads\/2020\/09\/nodaji-1.jpg 1038w, https:\/\/nongnghiepvui.vn\/wp-content\/uploads\/2020\/09\/nodaji-1-768x385.jpg 768w, https:\/\/nongnghiepvui.vn\/wp-content\/uploads\/2020\/09\/nodaji-1-600x301.jpg 600w\" alt=\"\" width=\"1038\" height=\"521\" data-src=\"https:\/\/nongnghiepvui.vn\/wp-content\/uploads\/2020\/09\/nodaji-1.jpg\" data-srcset=\"https:\/\/nongnghiepvui.vn\/wp-content\/uploads\/2020\/09\/nodaji-1.jpg 1038w, https:\/\/nongnghiepvui.vn\/wp-content\/uploads\/2020\/09\/nodaji-1-768x385.jpg 768w, https:\/\/nongnghiepvui.vn\/wp-content\/uploads\/2020\/09\/nodaji-1-600x301.jpg 600w\" \/><\/h3>\n<h2>Nguy\u00ean li\u1ec7u &amp; Th\u00e0nh ph\u1ea7n dinh d\u01b0\u1ee1ng<\/h2>\n<h3>Nguy\u00ean li\u1ec7u ch\u00ednh v\u00e0 l\u1ee3i \u00edch:<\/h3>\n<ul data-spread=\"false\">\n<li><strong>B\u00e3 c\u00e1:<\/strong>\u00a0Gi\u00e0u \u0111\u1ea1m h\u1eefu c\u01a1 gi\u00fap c\u00e2y ph\u00e1t tri\u1ec3n nhanh, t\u0103ng s\u1ee9c \u0111\u1ec1 kh\u00e1ng v\u00e0 h\u1ed7 tr\u1ee3 qu\u00e1 tr\u00ecnh ra hoa, k\u1ebft tr\u00e1i.<\/li>\n<li><strong>B\u00e3 c\u00e2y nh\u00e2n s\u00e2m:<\/strong>\u00a0Ch\u1ee9a nhi\u1ec1u d\u01b0\u1ee1ng ch\u1ea5t qu\u00fd gi\u00fap c\u00e2y tr\u1ed3ng t\u0103ng c\u01b0\u1eddng kh\u1ea3 n\u0103ng kh\u00e1ng b\u1ec7nh, k\u00edch th\u00edch s\u1ef1 ph\u00e1t tri\u1ec3n c\u1ee7a r\u1ec5 v\u00e0 th\u00e2n c\u00e2y.<\/li>\n<li><strong>M\u00f9n c\u1ecd:<\/strong>\u00a0Gi\u00fap c\u1ea3i thi\u1ec7n k\u1ebft c\u1ea5u \u0111\u1ea5t, t\u0103ng kh\u1ea3 n\u0103ng gi\u1eef n\u01b0\u1edbc v\u00e0 t\u1ea1o m\u00f4i tr\u01b0\u1eddng thu\u1eadn l\u1ee3i cho vi sinh v\u1eadt c\u00f3 l\u1ee3i ph\u00e1t tri\u1ec3n.<\/li>\n<li><strong>C\u00e1c ch\u1ea5t ph\u1ee5 gia t\u1ef1 nhi\u00ean:<\/strong>\u00a0L\u00e0m m\u00e1t c\u00e2y, t\u0103ng m\u00f9i th\u01a1m th\u1ea3o d\u01b0\u1ee3c gi\u00fap xua \u0111u\u1ed5i s\u00e2u b\u1ec7nh t\u1ef1 nhi\u00ean.<\/li>\n<\/ul>\n<h3>Th\u00e0nh ph\u1ea7n dinh d\u01b0\u1ee1ng v\u00e0 l\u1ee3i \u00edch:<\/h3>\n<ul data-spread=\"false\">\n<li><strong>Ch\u1ea5t h\u1eefu c\u01a1 (70%):<\/strong>\u00a0C\u1ea3i thi\u1ec7n \u0111\u1ed9 ph\u00ec nhi\u00eau c\u1ee7a \u0111\u1ea5t, gi\u00fap c\u00e2y h\u1ea5p th\u1ee5 dinh d\u01b0\u1ee1ng hi\u1ec7u qu\u1ea3 h\u01a1n.<\/li>\n<li><strong>\u0110\u1ea1m t\u1ed5ng s\u1ed1 (Nts \u2013 4%):<\/strong>\u00a0Th\u00fac \u0111\u1ea9y s\u1ef1 ph\u00e1t tri\u1ec3n c\u1ee7a l\u00e1 v\u00e0 th\u00e2n c\u00e2y, gi\u00fap c\u00e2y kh\u1ecfe m\u1ea1nh, xanh t\u1ed1t.<\/li>\n<li><strong>L\u00e2n hi\u1ec7n h\u1eefu (P\u2082O\u2085hh \u2013 2%):<\/strong>\u00a0H\u1ed7 tr\u1ee3 s\u1ef1 ph\u00e1t tri\u1ec3n c\u1ee7a b\u1ed9 r\u1ec5, gi\u00fap c\u00e2y b\u00e1m \u0111\u1ea5t t\u1ed1t h\u01a1n v\u00e0 h\u1ea5p thu dinh d\u01b0\u1ee1ng hi\u1ec7u qu\u1ea3.<\/li>\n<li><strong>Kali h\u1eefu hi\u1ec7u (K\u2082Ohh \u2013 1%):<\/strong>\u00a0C\u1ea3i thi\u1ec7n ch\u1ea5t l\u01b0\u1ee3ng qu\u1ea3, t\u0103ng \u0111\u1ed9 ng\u1ecdt v\u00e0 m\u00e0u s\u1eafc t\u01b0\u01a1i \u0111\u1eb9p h\u01a1n.<\/li>\n<li><strong>T\u1ef7 l\u1ec7 C\/N (8):<\/strong>\u00a0Gi\u00fap c\u00e2n b\u1eb1ng dinh d\u01b0\u1ee1ng trong \u0111\u1ea5t, t\u1ed1i \u01b0u qu\u00e1 tr\u00ecnh ph\u00e2n h\u1ee7y ch\u1ea5t h\u1eefu c\u01a1.<\/li>\n<li><strong>\u0110\u1ed9 \u1ea9m (23%):<\/strong>\u00a0Gi\u00fap ph\u00e2n b\u00f3n d\u1ec5 ph\u00e2n gi\u1ea3i v\u00e0 h\u00f2a tan trong \u0111\u1ea5t, t\u1ea1o \u0111i\u1ec1u ki\u1ec7n t\u1ed1t nh\u1ea5t cho c\u00e2y h\u1ea5p th\u1ee5.<\/li>\n<li><strong>pH (H\u2082O \u2013 5):<\/strong>\u00a0Duy tr\u00ec \u0111\u1ed9 pH \u1ed5n \u0111\u1ecbnh, gi\u00fap c\u00e2y tr\u1ed3ng ph\u00e1t tri\u1ec3n t\u1ed1t trong nhi\u1ec1u lo\u1ea1i \u0111\u1ea5t kh\u00e1c nhau.<\/li>\n<\/ul>\n<h3><img loading=\"lazy\" decoding=\"async\" class=\"size-full wp-image-1033 aligncenter lazy-load-active\" src=\"https:\/\/nongnghiepvui.vn\/wp-content\/uploads\/2020\/09\/nodaji-2.jpg\" sizes=\"auto, (max-width: 1038px) 100vw, 1038px\" srcset=\"https:\/\/nongnghiepvui.vn\/wp-content\/uploads\/2020\/09\/nodaji-2.jpg 1038w, https:\/\/nongnghiepvui.vn\/wp-content\/uploads\/2020\/09\/nodaji-2-768x385.jpg 768w, https:\/\/nongnghiepvui.vn\/wp-content\/uploads\/2020\/09\/nodaji-2-600x301.jpg 600w\" alt=\"\" width=\"1038\" height=\"521\" data-src=\"https:\/\/nongnghiepvui.vn\/wp-content\/uploads\/2020\/09\/nodaji-2.jpg\" data-srcset=\"https:\/\/nongnghiepvui.vn\/wp-content\/uploads\/2020\/09\/nodaji-2.jpg 1038w, https:\/\/nongnghiepvui.vn\/wp-content\/uploads\/2020\/09\/nodaji-2-768x385.jpg 768w, https:\/\/nongnghiepvui.vn\/wp-content\/uploads\/2020\/09\/nodaji-2-600x301.jpg 600w\" \/><\/h3>\n<h2><strong>C\u00f4ng D\u1ee5ng N\u1ed5i B\u1eadt<\/strong><\/h2>\n<p data-pm-slice=\"1 3 []\"><strong>r\u01b0\u1edbc khi s\u1eed d\u1ee5ng:<\/strong>\u00a0C\u00e2y tr\u1ed3ng ph\u00e1t tri\u1ec3n ch\u1eadm, l\u00e1 v\u00e0ng \u00faa, b\u1ed9 r\u1ec5 y\u1ebfu v\u00e0 \u0111\u1ea5t b\u1ea1c m\u00e0u do thi\u1ebfu dinh d\u01b0\u1ee1ng. S\u00e2u b\u1ec7nh ph\u00e1t tri\u1ec3n m\u1ea1nh, khi\u1ebfn ng\u01b0\u1eddi n\u00f4ng d\u00e2n ph\u1ea3i s\u1eed d\u1ee5ng nhi\u1ec1u ph\u00e2n h\u00f3a h\u1ecdc v\u00e0 thu\u1ed1c b\u1ea3o v\u1ec7 th\u1ef1c v\u1eadt.<\/p>\n<p><strong>Sau khi s\u1eed d\u1ee5ng:<\/strong><\/p>\n<ul data-spread=\"false\">\n<li><strong>Cung c\u1ea5p dinh d\u01b0\u1ee1ng h\u1eefu c\u01a1:<\/strong>\u00a0C\u00e2y ph\u00e1t tri\u1ec3n nhanh, l\u00e1 xanh t\u01b0\u01a1i, b\u1ed9 r\u1ec5 ch\u1eafc kh\u1ecfe, ra hoa v\u00e0 \u0111\u1eadu qu\u1ea3 \u0111\u1ec1u h\u01a1n.<\/li>\n<li><strong>C\u1ea3i t\u1ea1o \u0111\u1ea5t:<\/strong>\u00a0\u0110\u1ea5t tr\u1edf n\u00ean t\u01a1i x\u1ed1p, gi\u1eef \u1ea9m t\u1ed1t h\u01a1n, t\u1ea1o m\u00f4i tr\u01b0\u1eddng thu\u1eadn l\u1ee3i cho vi sinh v\u1eadt c\u00f3 l\u1ee3i ph\u00e1t tri\u1ec3n.<\/li>\n<li><strong>T\u0103ng kh\u1ea3 n\u0103ng kh\u00e1ng b\u1ec7nh:<\/strong>\u00a0C\u00e2y tr\u1ed3ng kh\u1ecfe m\u1ea1nh h\u01a1n, gi\u1ea3m s\u00e2u b\u1ec7nh, h\u1ea1n ch\u1ebf vi\u1ec7c s\u1eed d\u1ee5ng thu\u1ed1c b\u1ea3o v\u1ec7 th\u1ef1c v\u1eadt, gi\u00fap n\u00f4ng s\u1ea3n an to\u00e0n h\u01a1n.<\/li>\n<\/ul>\n<h2><strong>H\u01b0\u1edbng D\u1eabn S\u1eed D\u1ee5ng<\/strong><\/h2>\n<ul data-spread=\"false\" data-pm-slice=\"3 3 []\">\n<li><strong>C\u00e1ch d\u00f9ng:<\/strong>\u00a0R\u1ea3i \u0111\u1ec1u ph\u00e2n b\u00f3n l\u00ean b\u1ec1 m\u1eb7t \u0111\u1ea5t, sau \u0111\u00f3 l\u1ea5p \u0111\u1ea5t nh\u1eb9 v\u00e0 t\u01b0\u1edbi n\u01b0\u1edbc \u0111\u1ec3 ph\u00e2n tan \u0111\u1ec1u.<\/li>\n<li><strong>Li\u1ec1u l\u01b0\u1ee3ng:<\/strong>\u00a0S\u1eed d\u1ee5ng \u0111\u1ecbnh k\u1ef3 1 l\u1ea7n\/th\u00e1ng \u0111\u1ec3 \u0111\u1ea1t hi\u1ec7u qu\u1ea3 t\u1ed1i \u01b0u.<\/li>\n<\/ul>\n<h2><strong>B\u1ea3o Qu\u1ea3n &amp; H\u1ea1n S\u1eed D\u1ee5ng<\/strong><\/h2>\n<p>\ud83d\udd39\u00a0<strong>B\u1ea3o qu\u1ea3n:<\/strong>\u00a0N\u01a1i kh\u00f4 r\u00e1o, tho\u00e1ng m\u00e1t, tr\u00e1nh \u00e1nh n\u1eafng tr\u1ef1c ti\u1ebfp.<br \/>\n\ud83d\udd39\u00a0<strong>H\u1ea1n s\u1eed d\u1ee5ng:<\/strong>\u00a03 n\u0103m k\u1ec3 t\u1eeb ng\u00e0y s\u1ea3n xu\u1ea5t.<\/p>\n<h2><strong>T\u1ea1i Sao Ch\u1ecdn NODAJI H\u00e0n Qu\u1ed1c?<\/strong><\/h2>\n<p>\ud83c\udf3f\u00a0<strong>Ngu\u1ed3n g\u1ed1c thi\u00ean nhi\u00ean:<\/strong>\u00a0K\u1ebft h\u1ee3p c\u00f4ng ngh\u1ec7 H\u00e0n Qu\u1ed1c hi\u1ec7n \u0111\u1ea1i, \u0111\u1ea3m b\u1ea3o \u0111\u1ed9 an to\u00e0n v\u00e0 ch\u1ea5t l\u01b0\u1ee3ng cao.<br \/>\n\ud83c\udf3f\u00a0<strong>Ti\u1ebft ki\u1ec7m chi ph\u00ed:<\/strong>\u00a0Hi\u1ec7u qu\u1ea3 t\u0103ng n\u0103ng su\u1ea5t, gi\u1ea3m thi\u1ec3u s\u1eed d\u1ee5ng ph\u00e2n h\u00f3a h\u1ecdc.<br \/>\n<strong data-start=\"1441\" data-end=\"1463\">\ud83c\udf3f Hi\u1ec7u qu\u1ea3 v\u01b0\u1ee3t tr\u1ed9i<\/strong>: Gi\u00fap c\u00e2y tr\u1ed3ng ph\u00e1t tri\u1ec3n b\u1ec1n v\u1eefng, n\u00e2ng cao n\u0103ng su\u1ea5t.<br \/>\n\ud83c\udf3f\u00a0<strong>B\u1ea3o v\u1ec7 m\u00f4i tr\u01b0\u1eddng:<\/strong>\u00a0Gi\u00fap canh t\u00e1c b\u1ec1n v\u1eefng, gi\u1ea3m t\u00e1c \u0111\u1ed9ng ti\u00eau c\u1ef1c \u0111\u1ebfn \u0111\u1ea5t v\u00e0 ngu\u1ed3n n\u01b0\u1edbc.<\/p>\n<p><img loading=\"lazy\" decoding=\"async\" class=\"alignnone wp-image-1186 lazy-load-active\" src=\"https:\/\/nongnghiepvui.vn\/wp-content\/uploads\/2020\/09\/z5795606363779_5a99427dfb750d729c39a0324e2544cc.jpg\" sizes=\"auto, (max-width: 1038px) 100vw, 1038px\" srcset=\"https:\/\/nongnghiepvui.vn\/wp-content\/uploads\/2020\/09\/z5795606363779_5a99427dfb750d729c39a0324e2544cc.jpg 1280w, https:\/\/nongnghiepvui.vn\/wp-content\/uploads\/2020\/09\/z5795606363779_5a99427dfb750d729c39a0324e2544cc-768x576.jpg 768w, https:\/\/nongnghiepvui.vn\/wp-content\/uploads\/2020\/09\/z5795606363779_5a99427dfb750d729c39a0324e2544cc-600x450.jpg 600w\" alt=\"\" width=\"1038\" height=\"778\" data-src=\"https:\/\/nongnghiepvui.vn\/wp-content\/uploads\/2020\/09\/z5795606363779_5a99427dfb750d729c39a0324e2544cc.jpg\" data-srcset=\"https:\/\/nongnghiepvui.vn\/wp-content\/uploads\/2020\/09\/z5795606363779_5a99427dfb750d729c39a0324e2544cc.jpg 1280w, https:\/\/nongnghiepvui.vn\/wp-content\/uploads\/2020\/09\/z5795606363779_5a99427dfb750d729c39a0324e2544cc-768x576.jpg 768w, https:\/\/nongnghiepvui.vn\/wp-content\/uploads\/2020\/09\/z5795606363779_5a99427dfb750d729c39a0324e2544cc-600x450.jpg 600w\" \/><\/p>\n","protected":false},"excerpt":{"rendered":"<ul>\n<li>Nh\u1eadp kh\u1ea9u H\u00e0n Qu\u1ed1c \ud83c\uddf0\ud83c\uddf7<\/li>\n<li>D\u00f9ng cho tr\u1ed3ng hoa, c\u00e2y c\u00e0nh, rau, c\u00e2y \u0103n tr\u00e1i<\/li>\n<li>Cung c\u1ea5p dinh d\u01b0\u1ee1ng h\u1eefu c\u01a1 cho c\u00e2y tr\u1ed3ng<\/li>\n<li>C\u1ea3i t\u1ea1o \u0111\u1ea5t t\u01a1i x\u1ed1p t\u1ea1o \u0111i\u1ec1u ki\u1ec7n cho vi sinh v\u1eadt c\u00f3 l\u1ee3i ph\u00e1t tri\u1ec3n<\/li>\n<\/ul>\n","protected":false},"featured_media":215,"comment_status":"open","ping_status":"closed","template":"","meta":[],"product_brand":[],"product_cat":[26],"product_tag":[29,28,27],"class_list":{"0":"post-212","1":"product","2":"type-product","3":"status-publish","4":"has-post-thumbnail","6":"product_cat-phan-bon","7":"product_tag-nodaji","8":"product_tag-phan-bon","9":"product_tag-tu-nguyen","11":"first","12":"instock","13":"sale","14":"shipping-taxable","15":"purchasable","16":"product-type-variable"},"_links":{"self":[{"href":"https:\/\/nongan.site\/index.php\/wp-json\/wp\/v2\/product\/212","targetHints":{"allow":["GET"]}}],"collection":[{"href":"https:\/\/nongan.site\/index.php\/wp-json\/wp\/v2\/product"}],"about":[{"href":"https:\/\/nongan.site\/index.php\/wp-json\/wp\/v2\/types\/product"}],"replies":[{"embeddable":true,"href":"https:\/\/nongan.site\/index.php\/wp-json\/wp\/v2\/comments?post=212"}],"wp:featuredmedia":[{"embeddable":true,"href":"https:\/\/nongan.site\/index.php\/wp-json\/wp\/v2\/media\/215"}],"wp:attachment":[{"href":"https:\/\/nongan.site\/index.php\/wp-json\/wp\/v2\/media?parent=212"}],"wp:term":[{"taxonomy":"product_brand","embeddable":true,"href":"https:\/\/nongan.site\/index.php\/wp-json\/wp\/v2\/product_brand?post=212"},{"taxonomy":"product_cat","embeddable":true,"href":"https:\/\/nongan.site\/index.php\/wp-json\/wp\/v2\/product_cat?post=212"},{"taxonomy":"product_tag","embeddable":true,"href":"https:\/\/nongan.site\/index.php\/wp-json\/wp\/v2\/product_tag?post=212"}],"curies":[{"name":"wp","href":"https:\/\/api.w.org\/{rel}","templated":true}]}}