{"id":222,"date":"2026-01-27T13:46:44","date_gmt":"2026-01-27T06:46:44","guid":{"rendered":"https:\/\/nongan.site\/?post_type=product&#038;p=222"},"modified":"2026-01-27T13:46:44","modified_gmt":"2026-01-27T06:46:44","slug":"phan-bon-hoa-mai-fermix-f15-vina-german","status":"publish","type":"product","link":"https:\/\/nongan.site\/index.php\/san-pham\/phan-bon-hoa-mai-fermix-f15-vina-german\/","title":{"rendered":"Ph\u00e2n B\u00f3n Hoa Mai | Fermix F15 Vina German"},"content":{"rendered":"<h3 data-start=\"1582\" data-end=\"1629\">\ud83c\udf3c PH\u00c2N B\u00d3N H\u1eeeU C\u01a0 FERMIX F15 VINA GERMAN<\/h3>\n<p data-start=\"1630\" data-end=\"1678\"><strong data-start=\"1630\" data-end=\"1678\">CHUY\u00caN D\u00d9NG CHO HOA MAI \u2013 MADE IN JAPAN \ud83c\uddef\ud83c\uddf5<\/strong><\/p>\n<div class=\"meta-related\"><\/div>\n<p data-start=\"1630\" data-end=\"1678\"><img loading=\"lazy\" decoding=\"async\" class=\"alignnone wp-image-1529 lazy-load-active\" src=\"https:\/\/nongnghiepvui.vn\/wp-content\/uploads\/2025\/11\/Piklab8557Qdfrnxv.jpg\" sizes=\"auto, (max-width: 1002px) 100vw, 1002px\" srcset=\"https:\/\/nongnghiepvui.vn\/wp-content\/uploads\/2025\/11\/Piklab8557Qdfrnxv.jpg 1200w, https:\/\/nongnghiepvui.vn\/wp-content\/uploads\/2025\/11\/Piklab8557Qdfrnxv-768x768.jpg 768w, https:\/\/nongnghiepvui.vn\/wp-content\/uploads\/2025\/11\/Piklab8557Qdfrnxv-300x300.jpg 300w, https:\/\/nongnghiepvui.vn\/wp-content\/uploads\/2025\/11\/Piklab8557Qdfrnxv-600x600.jpg 600w, https:\/\/nongnghiepvui.vn\/wp-content\/uploads\/2025\/11\/Piklab8557Qdfrnxv-100x100.jpg 100w\" alt=\"\" width=\"1002\" height=\"1002\" data-src=\"https:\/\/nongnghiepvui.vn\/wp-content\/uploads\/2025\/11\/Piklab8557Qdfrnxv.jpg\" data-srcset=\"https:\/\/nongnghiepvui.vn\/wp-content\/uploads\/2025\/11\/Piklab8557Qdfrnxv.jpg 1200w, https:\/\/nongnghiepvui.vn\/wp-content\/uploads\/2025\/11\/Piklab8557Qdfrnxv-768x768.jpg 768w, https:\/\/nongnghiepvui.vn\/wp-content\/uploads\/2025\/11\/Piklab8557Qdfrnxv-300x300.jpg 300w, https:\/\/nongnghiepvui.vn\/wp-content\/uploads\/2025\/11\/Piklab8557Qdfrnxv-600x600.jpg 600w, https:\/\/nongnghiepvui.vn\/wp-content\/uploads\/2025\/11\/Piklab8557Qdfrnxv-100x100.jpg 100w\" \/><\/p>\n<p data-start=\"1680\" data-end=\"1971\"><strong data-start=\"1680\" data-end=\"1694\">FERMIX F15<\/strong>\u00a0l\u00e0 d\u00f2ng\u00a0<strong data-start=\"1703\" data-end=\"1730\">ph\u00e2n b\u00f3n h\u1eefu c\u01a1 cao c\u1ea5p<\/strong>\u00a0\u0111\u01b0\u1ee3c nh\u1eadp kh\u1ea9u c\u00f4ng ngh\u1ec7\u00a0<strong data-start=\"1756\" data-end=\"1768\">Nh\u1eadt B\u1ea3n<\/strong>, d\u00e0nh ri\u00eang cho\u00a0<strong data-start=\"1785\" data-end=\"1808\">hoa mai v\u00e0 c\u00e2y c\u1ea3nh<\/strong>.<br data-start=\"1809\" data-end=\"1812\" \/>S\u1ea3n ph\u1ea9m cung c\u1ea5p\u00a0<strong data-start=\"1830\" data-end=\"1865\">ngu\u1ed3n dinh d\u01b0\u1ee1ng h\u1eefu c\u01a1 \u1ed5n \u0111\u1ecbnh<\/strong>, gi\u00fap c\u00e2y\u00a0<strong data-start=\"1876\" data-end=\"1927\">t\u1ea1o t\u00e1n kh\u1ecfe, l\u00e1 m\u01b0\u1ee3t, n\u1ee5 to v\u00e0 ra hoa \u0111\u1ed3ng \u0111\u1ec1u<\/strong>, mang l\u1ea1i s\u1eafc v\u00e0ng b\u1ec1n l\u00e2u trong m\u00f9a T\u1ebft.<\/p>\n<h3 data-start=\"1978\" data-end=\"1996\">\ud83c\udf3f TH\u00c0NH PH\u1ea6N:<\/h3>\n<ul data-start=\"1997\" data-end=\"2182\">\n<li data-start=\"1997\" data-end=\"2021\">\n<p data-start=\"1999\" data-end=\"2021\"><strong data-start=\"1999\" data-end=\"2015\">Ch\u1ea5t h\u1eefu c\u01a1:<\/strong>\u00a060%<\/p>\n<\/li>\n<li data-start=\"2022\" data-end=\"2051\">\n<p data-start=\"2024\" data-end=\"2051\"><strong data-start=\"2024\" data-end=\"2046\">\u0110\u1ea1m t\u1ed5ng s\u1ed1 (Nts):<\/strong>\u00a03%<\/p>\n<\/li>\n<li data-start=\"2052\" data-end=\"2085\">\n<p data-start=\"2054\" data-end=\"2085\"><strong data-start=\"2054\" data-end=\"2080\">L\u00e2n h\u1eefu hi\u1ec7u (P\u2082O\u2085hh):<\/strong>\u00a02%<\/p>\n<\/li>\n<li data-start=\"2086\" data-end=\"2119\">\n<p data-start=\"2088\" data-end=\"2119\"><strong data-start=\"2088\" data-end=\"2114\">Kali h\u1eefu hi\u1ec7u (K\u2082Ohh):<\/strong>\u00a02%<\/p>\n<\/li>\n<li data-start=\"2120\" data-end=\"2141\">\n<p data-start=\"2122\" data-end=\"2141\"><strong data-start=\"2122\" data-end=\"2136\">T\u1ef7 l\u1ec7 C\/N:<\/strong>\u00a012<\/p>\n<\/li>\n<li data-start=\"2142\" data-end=\"2160\">\n<p data-start=\"2144\" data-end=\"2160\"><strong data-start=\"2144\" data-end=\"2154\">\u0110\u1ed9 \u1ea9m:<\/strong>\u00a030%<\/p>\n<\/li>\n<li data-start=\"2161\" data-end=\"2182\">\n<p data-start=\"2163\" data-end=\"2182\"><strong data-start=\"2163\" data-end=\"2176\">pH (H\u2082O):<\/strong>\u00a05,5<\/p>\n<\/li>\n<\/ul>\n<h3 data-start=\"2189\" data-end=\"2206\">\ud83c\udf38 C\u00d4NG D\u1ee4NG:<\/h3>\n<ul data-start=\"2207\" data-end=\"2492\">\n<li data-start=\"2207\" data-end=\"2271\">\n<p data-start=\"2209\" data-end=\"2271\">Cung c\u1ea5p dinh d\u01b0\u1ee1ng h\u1eefu c\u01a1 t\u1ef1 nhi\u00ean gi\u00fap c\u00e2y kh\u1ecfe, c\u1ee9ng c\u00e1p.<\/p>\n<\/li>\n<li data-start=\"2272\" data-end=\"2337\">\n<p data-start=\"2274\" data-end=\"2337\"><strong data-start=\"2274\" data-end=\"2335\">Gi\u00fap mai t\u1eadu t\u00e1n nhanh, m\u1eadp n\u1ee5, hoa to v\u00e0 m\u00e0u s\u1eafc r\u1ef1c r\u1ee1.<\/strong><\/p>\n<\/li>\n<li data-start=\"2338\" data-end=\"2417\">\n<p data-start=\"2340\" data-end=\"2417\">H\u1ed7 tr\u1ee3\u00a0<strong data-start=\"2347\" data-end=\"2372\">b\u1ed9 r\u1ec5 ph\u00e1t tri\u1ec3n m\u1ea1nh<\/strong>, c\u1ea3i t\u1ea1o \u0111\u1ea5t, k\u00edch ho\u1ea1t h\u1ec7 vi sinh c\u00f3 l\u1ee3i.<\/p>\n<\/li>\n<li data-start=\"2418\" data-end=\"2492\">\n<p data-start=\"2420\" data-end=\"2492\">D\u00f9ng \u0111\u01b0\u1ee3c cho hoa ki\u1ec3ng, c\u00e2y \u0103n tr\u00e1i, c\u00e2y c\u00f4ng nghi\u1ec7p, c\u00e2y l\u01b0\u01a1ng th\u1ef1c.<\/p>\n<\/li>\n<\/ul>\n<h3 data-start=\"2499\" data-end=\"2524\">\ud83d\udca7 H\u01af\u1edaNG D\u1eaaN S\u1eec D\u1ee4NG:<\/h3>\n<ul data-start=\"2525\" data-end=\"2993\">\n<li data-start=\"2525\" data-end=\"2555\">\n<p data-start=\"2527\" data-end=\"2555\"><strong data-start=\"2527\" data-end=\"2539\">Hoa mai:<\/strong>\u00a050 \u2013 200g\/g\u1ed1c<\/p>\n<\/li>\n<li data-start=\"2556\" data-end=\"2588\">\n<p data-start=\"2558\" data-end=\"2588\"><strong data-start=\"2558\" data-end=\"2572\">Hoa ki\u1ec3ng:<\/strong>\u00a020 \u2013 50g\/ch\u1eadu<\/p>\n<\/li>\n<li data-start=\"2589\" data-end=\"2667\">\n<p data-start=\"2591\" data-end=\"2667\"><strong data-start=\"2591\" data-end=\"2603\">Rau m\u00e0u:<\/strong>\u00a0300 \u2013 500kg\/ha\/l\u1ea7n (2 l\u1ea7n\/v\u1ee5: b\u00f3n l\u00f3t &amp; sau tr\u1ed3ng 15\u201320 ng\u00e0y)<\/p>\n<\/li>\n<li data-start=\"2668\" data-end=\"2742\">\n<p data-start=\"2670\" data-end=\"2742\"><strong data-start=\"2670\" data-end=\"2695\">C\u00e2y hoa, c\u00e2y \u0103n tr\u00e1i:<\/strong>\u00a0400 \u2013 1.000kg\/ha\/l\u1ea7n (\u0111\u1ecbnh k\u1ef3 3\u20134 th\u00e1ng\/l\u1ea7n)<\/p>\n<\/li>\n<li data-start=\"2743\" data-end=\"2818\">\n<p data-start=\"2745\" data-end=\"2818\"><strong data-start=\"2745\" data-end=\"2774\">C\u00e2y c\u00f4ng nghi\u1ec7p d\u00e0i ng\u00e0y:<\/strong>\u00a0400 \u2013 1.000kg\/ha\/l\u1ea7n (\u0111\u1ea7u &amp; cu\u1ed1i m\u00f9a m\u01b0a)<\/p>\n<\/li>\n<li data-start=\"2819\" data-end=\"2903\">\n<p data-start=\"2821\" data-end=\"2903\"><strong data-start=\"2821\" data-end=\"2851\">C\u00e2y c\u00f4ng nghi\u1ec7p ng\u1eafn ng\u00e0y:<\/strong>\u00a0400 \u2013 800kg\/ha\/l\u1ea7n (15\u201320 &amp; 30\u201345 ng\u00e0y sau tr\u1ed3ng)<\/p>\n<\/li>\n<li data-start=\"2904\" data-end=\"2993\">\n<p data-start=\"2906\" data-end=\"2993\"><strong data-start=\"2906\" data-end=\"2925\">C\u00e2y l\u01b0\u01a1ng th\u1ef1c:<\/strong>\u00a0300 \u2013 600kg\/ha\/v\u1ee5 (b\u00f3n 3 l\u1ea7n: 7\u201310, 8\u201325 v\u00e0 38\u201345 ng\u00e0y sau gieo).<\/p>\n<\/li>\n<li data-start=\"2904\" data-end=\"2993\">C\u00f3 th\u1ec3 k\u1ebft h\u1ee3p FERMIX F15 c\u00f9ng c\u00e1c lo\u1ea1i ph\u00e2n h\u1eefu c\u01a1 ho\u1eb7c v\u00f4 c\u01a1 kh\u00e1c \u0111\u1ec3 t\u1ed1i \u01b0u hi\u1ec7u qu\u1ea3.<\/li>\n<\/ul>\n<h3 data-start=\"3091\" data-end=\"3107\">\ud83e\uddfa B\u1ea2O QU\u1ea2N:<\/h3>\n<ul data-start=\"3108\" data-end=\"3192\">\n<li data-start=\"3108\" data-end=\"3136\">\n<p data-start=\"3110\" data-end=\"3136\">N\u01a1i kh\u00f4 r\u00e1o, tho\u00e1ng m\u00e1t.<\/p>\n<\/li>\n<li data-start=\"3137\" data-end=\"3166\">\n<p data-start=\"3139\" data-end=\"3166\">Tr\u00e1nh \u00e1nh n\u1eafng tr\u1ef1c ti\u1ebfp.<\/p>\n<\/li>\n<li data-start=\"3167\" data-end=\"3192\">\n<p data-start=\"3169\" data-end=\"3192\">\u0110\u1ec3 xa t\u1ea7m tay tr\u1ebb em.<\/p>\n<\/li>\n<\/ul>\n<p>&nbsp;<\/p>\n<p><img loading=\"lazy\" decoding=\"async\" class=\"alignnone wp-image-1530 lazy-load-active\" src=\"https:\/\/nongnghiepvui.vn\/wp-content\/uploads\/2025\/11\/piklab9931Ghmr5d.jpg\" sizes=\"auto, (max-width: 999px) 100vw, 999px\" srcset=\"https:\/\/nongnghiepvui.vn\/wp-content\/uploads\/2025\/11\/piklab9931Ghmr5d.jpg 1200w, https:\/\/nongnghiepvui.vn\/wp-content\/uploads\/2025\/11\/piklab9931Ghmr5d-768x768.jpg 768w, https:\/\/nongnghiepvui.vn\/wp-content\/uploads\/2025\/11\/piklab9931Ghmr5d-300x300.jpg 300w, https:\/\/nongnghiepvui.vn\/wp-content\/uploads\/2025\/11\/piklab9931Ghmr5d-600x600.jpg 600w, https:\/\/nongnghiepvui.vn\/wp-content\/uploads\/2025\/11\/piklab9931Ghmr5d-100x100.jpg 100w\" alt=\"\" width=\"999\" height=\"999\" data-src=\"https:\/\/nongnghiepvui.vn\/wp-content\/uploads\/2025\/11\/piklab9931Ghmr5d.jpg\" data-srcset=\"https:\/\/nongnghiepvui.vn\/wp-content\/uploads\/2025\/11\/piklab9931Ghmr5d.jpg 1200w, https:\/\/nongnghiepvui.vn\/wp-content\/uploads\/2025\/11\/piklab9931Ghmr5d-768x768.jpg 768w, https:\/\/nongnghiepvui.vn\/wp-content\/uploads\/2025\/11\/piklab9931Ghmr5d-300x300.jpg 300w, https:\/\/nongnghiepvui.vn\/wp-content\/uploads\/2025\/11\/piklab9931Ghmr5d-600x600.jpg 600w, https:\/\/nongnghiepvui.vn\/wp-content\/uploads\/2025\/11\/piklab9931Ghmr5d-100x100.jpg 100w\" \/><\/p>\n<h3 data-start=\"3199\" data-end=\"3237\"><\/h3>\n<h3 data-start=\"3199\" data-end=\"3237\">\ud83c\udfed TH\u00d4NG TIN S\u1ea2N XU\u1ea4T &amp; PH\u00c2N PH\u1ed0I:<\/h3>\n<ul data-start=\"3238\" data-end=\"3547\">\n<li data-start=\"3238\" data-end=\"3291\">\n<p data-start=\"3240\" data-end=\"3291\"><strong data-start=\"3240\" data-end=\"3257\">Nh\u00e0 s\u1ea3n xu\u1ea5t:<\/strong>\u00a0Tamago &amp; Farmers Inc (Nh\u1eadt B\u1ea3n)<\/p>\n<\/li>\n<li data-start=\"3292\" data-end=\"3348\">\n<p data-start=\"3294\" data-end=\"3348\"><strong data-start=\"3294\" data-end=\"3312\">Nh\u00e0 nh\u1eadp kh\u1ea9u:<\/strong>\u00a0C\u00f4ng Ty TNHH S\u1ea3n Xu\u1ea5t Vina German<\/p>\n<\/li>\n<\/ul>\n","protected":false},"excerpt":{"rendered":"<p data-start=\"1630\" data-end=\"1678\"><strong data-start=\"1630\" data-end=\"1678\">CHUY\u00caN D\u00d9NG CHO HOA MAI \u2013 MADE IN JAPAN \ud83c\uddef\ud83c\uddf5<\/strong><\/p>\n<p data-start=\"1680\" data-end=\"1971\"><strong data-start=\"1680\" data-end=\"1694\">FERMIX F15<\/strong>\u00a0l\u00e0 d\u00f2ng\u00a0<strong data-start=\"1703\" data-end=\"1730\">ph\u00e2n b\u00f3n h\u1eefu c\u01a1 cao c\u1ea5p<\/strong>\u00a0\u0111\u01b0\u1ee3c nh\u1eadp kh\u1ea9u c\u00f4ng ngh\u1ec7\u00a0<strong data-start=\"1756\" data-end=\"1768\">Nh\u1eadt B\u1ea3n<\/strong>, d\u00e0nh ri\u00eang cho\u00a0<strong data-start=\"1785\" data-end=\"1808\">hoa mai v\u00e0 c\u00e2y c\u1ea3nh<\/strong>.<br data-start=\"1809\" data-end=\"1812\" \/>S\u1ea3n ph\u1ea9m cung c\u1ea5p\u00a0<strong data-start=\"1830\" data-end=\"1865\">ngu\u1ed3n dinh d\u01b0\u1ee1ng h\u1eefu c\u01a1 \u1ed5n \u0111\u1ecbnh<\/strong>, gi\u00fap c\u00e2y\u00a0<strong data-start=\"1876\" data-end=\"1927\">t\u1ea1o t\u00e1n kh\u1ecfe, l\u00e1 m\u01b0\u1ee3t, n\u1ee5 to v\u00e0 ra hoa \u0111\u1ed3ng \u0111\u1ec1u<\/strong>, mang l\u1ea1i s\u1eafc v\u00e0ng b\u1ec1n l\u00e2u trong m\u00f9a T\u1ebft.<br \/>\nKh\u1ed1i l\u01b0\u1ee3ng t\u1ecbnh : 1kg<\/p>\n","protected":false},"featured_media":223,"comment_status":"open","ping_status":"closed","template":"","meta":[],"product_brand":[],"product_cat":[26],"product_tag":[30,28,27],"class_list":{"0":"post-222","1":"product","2":"type-product","3":"status-publish","4":"has-post-thumbnail","6":"product_cat-phan-bon","7":"product_tag-nong-nghiep-vui","8":"product_tag-phan-bon","9":"product_tag-tu-nguyen","11":"first","12":"instock","13":"sale","14":"shipping-taxable","15":"purchasable","16":"product-type-simple"},"_links":{"self":[{"href":"https:\/\/nongan.site\/index.php\/wp-json\/wp\/v2\/product\/222","targetHints":{"allow":["GET"]}}],"collection":[{"href":"https:\/\/nongan.site\/index.php\/wp-json\/wp\/v2\/product"}],"about":[{"href":"https:\/\/nongan.site\/index.php\/wp-json\/wp\/v2\/types\/product"}],"replies":[{"embeddable":true,"href":"https:\/\/nongan.site\/index.php\/wp-json\/wp\/v2\/comments?post=222"}],"wp:featuredmedia":[{"embeddable":true,"href":"https:\/\/nongan.site\/index.php\/wp-json\/wp\/v2\/media\/223"}],"wp:attachment":[{"href":"https:\/\/nongan.site\/index.php\/wp-json\/wp\/v2\/media?parent=222"}],"wp:term":[{"taxonomy":"product_brand","embeddable":true,"href":"https:\/\/nongan.site\/index.php\/wp-json\/wp\/v2\/product_brand?post=222"},{"taxonomy":"product_cat","embeddable":true,"href":"https:\/\/nongan.site\/index.php\/wp-json\/wp\/v2\/product_cat?post=222"},{"taxonomy":"product_tag","embeddable":true,"href":"https:\/\/nongan.site\/index.php\/wp-json\/wp\/v2\/product_tag?post=222"}],"curies":[{"name":"wp","href":"https:\/\/api.w.org\/{rel}","templated":true}]}}