{"id":248,"date":"2026-01-27T14:43:41","date_gmt":"2026-01-27T07:43:41","guid":{"rendered":"https:\/\/nongan.site\/?post_type=product&#038;p=248"},"modified":"2026-01-27T14:47:17","modified_gmt":"2026-01-27T07:47:17","slug":"cay-song-doi-suc-song-manh-liet-gan-ket-yeu-thuong","status":"publish","type":"product","link":"https:\/\/nongan.site\/index.php\/san-pham\/cay-song-doi-suc-song-manh-liet-gan-ket-yeu-thuong\/","title":{"rendered":"C\u00e2y S\u1ed1ng \u0110\u1eddi \u2013 S\u1ee9c S\u1ed1ng M\u00e3nh Li\u1ec7t, G\u1eafn K\u1ebft Y\u00eau Th\u01b0\u01a1ng"},"content":{"rendered":"<p data-path-to-node=\"0\">D\u01b0\u1edbi \u0111\u00e2y l\u00e0 n\u1ed9i dung m\u00f4 t\u1ea3 s\u1ea3n ph\u1ea9m <b data-path-to-node=\"0\" data-index-in-node=\"36\">C\u00e2y S\u1ed1ng \u0110\u1eddi<\/b> \u0111\u01b0\u1ee3c bi\u00ean so\u1ea1n chu\u1ea9n \u0111\u1ec3 b\u1ea1n \u0111\u01b0a v\u00e0o trang web <b data-path-to-node=\"0\" data-index-in-node=\"95\">N\u00f4ng An<\/b>, k\u1ebft h\u1ee3p gi\u1eefa th\u00f4ng tin k\u1ef9 thu\u1eadt v\u00e0 gi\u00e1 tr\u1ecb nh\u00e2n v\u0103n c\u1ee7a d\u1ef1 \u00e1n:<\/p>\n<hr data-path-to-node=\"1\" \/>\n<h2 data-path-to-node=\"2\">C\u00e2y S\u1ed1ng \u0110\u1eddi \u2013 S\u1ee9c S\u1ed1ng M\u00e3nh Li\u1ec7t, G\u1eafn K\u1ebft Y\u00eau Th\u01b0\u01a1ng<\/h2>\n<p data-path-to-node=\"3\"><b data-path-to-node=\"3\" data-index-in-node=\"0\">C\u00e2y S\u1ed1ng \u0110\u1eddi<\/b> (hay c\u00f2n g\u1ecdi l\u00e0 c\u00e2y l\u00e1 b\u1ecfng) l\u00e0 bi\u1ec3u t\u01b0\u1ee3ng c\u1ee7a s\u1ef1 tr\u01b0\u1eddng th\u1ecd, s\u1ee9c kh\u1ecfe v\u00e0 tinh th\u1ea7n v\u01b0\u01a1n l\u00ean m\u1ea1nh m\u1ebd. V\u1edbi kh\u1ea3 n\u0103ng sinh t\u1ed3n b\u1ec1n b\u1ec9 ngay c\u1ea3 trong \u0111i\u1ec1u ki\u1ec7n kh\u1eafc nghi\u1ec7t, \u0111\u00e2y l\u00e0 m\u00f3n qu\u00e0 \u00fd ngh\u0129a d\u00e0nh t\u1eb7ng ng\u01b0\u1eddi th\u00e2n ho\u1eb7c trang tr\u00ed kh\u00f4ng gian s\u1ed1ng \u0111\u1ec3 mang l\u1ea1i n\u0103ng l\u01b0\u1ee3ng t\u00edch c\u1ef1c.<\/p>\n<h3 data-path-to-node=\"4\">\u0110\u1eb7c \u0111i\u1ec3m n\u1ed5i b\u1eadt<\/h3>\n<ul data-path-to-node=\"5\">\n<li>\n<p data-path-to-node=\"5,0,0\"><b data-path-to-node=\"5,0,0\" data-index-in-node=\"0\">V\u1ebb \u0111\u1eb9p \u0111a s\u1eafc:<\/b> Nh\u1eefng ch\u00f9m hoa nh\u1ecf li ti v\u1edbi \u0111\u1ee7 m\u00e0u s\u1eafc t\u1eeb \u0111\u1ecf, h\u1ed3ng, v\u00e0ng \u0111\u1ebfn cam, n\u1edf r\u1ed9 v\u00e0 b\u1ec1n m\u00e0u trong th\u1eddi gian d\u00e0i.<\/p>\n<\/li>\n<li>\n<p data-path-to-node=\"5,1,0\"><b data-path-to-node=\"5,1,0\" data-index-in-node=\"0\">D\u1ec5 ch\u0103m s\u00f3c:<\/b> L\u00e0 lo\u00e0i c\u00e2y m\u1ecdng n\u01b0\u1edbc, S\u1ed1ng \u0110\u1eddi kh\u00f4ng \u0111\u00f2i h\u1ecfi nhi\u1ec1u c\u00f4ng s\u1ee9c t\u01b0\u1edbi t\u1eafm, r\u1ea5t ph\u00f9 h\u1ee3p v\u1edbi nh\u1eefng ng\u01b0\u1eddi b\u1eadn r\u1ed9n.<\/p>\n<\/li>\n<li>\n<p data-path-to-node=\"5,2,0\"><b data-path-to-node=\"5,2,0\" data-index-in-node=\"0\">Thanh l\u1ecdc kh\u00f4ng kh\u00ed:<\/b> C\u00e2y c\u00f3 kh\u1ea3 n\u0103ng h\u1ea5p th\u1ee5 kh\u00ed \u0111\u1ed9c, mang l\u1ea1i b\u1ea7u kh\u00f4ng kh\u00ed trong l\u00e0nh v\u00e0 xanh m\u00e1t cho c\u0103n ph\u00f2ng c\u1ee7a b\u1ea1n.<\/p>\n<\/li>\n<\/ul>\n<h3 data-path-to-node=\"6\">\u00dd ngh\u0129a phong th\u1ee7y &amp; Tinh th\u1ea7n<\/h3>\n<ul data-path-to-node=\"7\">\n<li>\n<p data-path-to-node=\"7,0,0\"><b data-path-to-node=\"7,0,0\" data-index-in-node=\"0\">Gia \u0111\u00ecnh h\u1ea1nh ph\u00fac:<\/b> T\u01b0\u1ee3ng tr\u01b0ng cho s\u1ef1 sinh s\u00f4i n\u1ea3y n\u1edf, tinh th\u1ea7n \u0111o\u00e0n k\u1ebft v\u00e0 s\u1ef1 g\u1eafn k\u1ebft gi\u1eefa c\u00e1c th\u00e0nh vi\u00ean.<\/p>\n<\/li>\n<li>\n<p data-path-to-node=\"7,1,0\"><b data-path-to-node=\"7,1,0\" data-index-in-node=\"0\">B\u1ec1n b\u1ec9 trong c\u00f4ng vi\u1ec7c:<\/b> Nh\u1eafc nh\u1edf v\u1ec1 \u00fd ch\u00ed ki\u00ean c\u01b0\u1eddng, kh\u00f4ng b\u1ecf cu\u1ed9c tr\u01b0\u1edbc kh\u00f3 kh\u0103n \u0111\u1ec3 \u0111\u1ea1t \u0111\u01b0\u1ee3c th\u00e0nh c\u00f4ng b\u1ec1n v\u1eefng.<\/p>\n<\/li>\n<li>\n<p data-path-to-node=\"7,2,0\"><b data-path-to-node=\"7,2,0\" data-index-in-node=\"0\">M\u00f3n qu\u00e0 tri \u00e2n:<\/b> T\u00ean g\u1ecdi &#8220;S\u1ed1ng \u0110\u1eddi&#8221; thay cho l\u1eddi ch\u00fac s\u1ee9c kh\u1ecfe d\u1ed3i d\u00e0o v\u00e0 t\u00ecnh th\u00e2n v\u0129nh c\u1eedu.<\/p>\n<\/li>\n<\/ul>\n<h3 data-path-to-node=\"8\">T\u1ea1i sao n\u00ean \u0111\u1eb7t mua t\u1ea1i N\u00f4ng An?<\/h3>\n<p data-path-to-node=\"9\">Khi ch\u1ecdn mua c\u00e2y S\u1ed1ng \u0110\u1eddi tr\u00ean n\u1ec1n t\u1ea3ng <b data-path-to-node=\"9\" data-index-in-node=\"40\">N\u00f4ng An<\/b>, b\u1ea1n kh\u00f4ng ch\u1ec9 nh\u1eadn \u0111\u01b0\u1ee3c m\u1ed9t c\u00e2y c\u1ea3nh \u0111\u1eb9p m\u00e0 c\u00f2n tr\u1ef1c ti\u1ebfp \u1ee7ng h\u1ed9 gi\u00e1 tr\u1ecb lao \u0111\u1ed9ng c\u1ee7a ng\u01b0\u1eddi n\u00f4ng d\u00e2n Vi\u1ec7t.<\/p>\n<ul data-path-to-node=\"10\">\n<li>\n<p data-path-to-node=\"10,0,0\"><b data-path-to-node=\"10,0,0\" data-index-in-node=\"0\">Ch\u1ea5t l\u01b0\u1ee3ng ki\u1ec3m duy\u1ec7t 100%:<\/b> S\u1ea3n ph\u1ea9m \u0111\u01b0\u1ee3c tuy\u1ec3n ch\u1ecdn k\u1ef9 t\u1eeb c\u00e1c nh\u00e0 v\u01b0\u1eddn v\u00e0 H\u1ee3p t\u00e1c x\u00e3 uy t\u00edn, h\u1ea1n ch\u1ebf r\u1ee7i ro h\u00e0ng k\u00e9m ch\u1ea5t l\u01b0\u1ee3ng.<\/p>\n<\/li>\n<li>\n<p data-path-to-node=\"10,1,0\"><b data-path-to-node=\"10,1,0\" data-index-in-node=\"0\">Mua h\u00e0ng an to\u00e0n tuy\u1ec7t \u0111\u1ed1i:<\/b> N\u00f4ng An gi\u1eef ti\u1ec1n \u0111\u1ea3m b\u1ea3o v\u00e0 ch\u1ec9 thanh to\u00e1n cho ng\u01b0\u1eddi b\u00e1n khi b\u1ea1n \u0111\u00e3 nh\u1eadn h\u00e0ng v\u00e0 ho\u00e0n to\u00e0n h\u00e0i l\u00f2ng.<\/p>\n<\/li>\n<li>\n<p data-path-to-node=\"10,2,0\"><b data-path-to-node=\"10,2,0\" data-index-in-node=\"0\">V\u1eadn chuy\u1ec3n t\u1ed1i \u01b0u (Logistics N\u00f4ng nghi\u1ec7p):<\/b> C\u00e2y \u0111\u01b0\u1ee3c \u0111\u00f3ng g\u00f3i v\u00e0 v\u1eadn chuy\u1ec3n theo quy tr\u00ecnh chuy\u00ean bi\u1ec7t, \u0111\u1ea3m b\u1ea3o \u0111\u1ed9 t\u01b0\u01a1i nguy\u00ean khi \u0111\u1ebfn tay kh\u00e1ch h\u00e0ng t\u1ea1i t\u1eadn x\u00e3\/th\u00f4n.<\/p>\n<\/li>\n<li>\n<p data-path-to-node=\"10,3,0\"><b data-path-to-node=\"10,3,0\" data-index-in-node=\"0\">T\u01b0 v\u1ea5n k\u1ef9 thu\u1eadt chuy\u00ean s\u00e2u:<\/b> B\u1ea1n s\u1ebd \u0111\u01b0\u1ee3c h\u01b0\u1edbng d\u1eabn chi ti\u1ebft c\u00e1ch ch\u0103m s\u00f3c \u0111\u1ec3 c\u00e2y lu\u00f4n xanh t\u1ed1t v\u00e0 ra hoa \u0111\u00fang m\u00f9a.<\/p>\n<\/li>\n<\/ul>\n<blockquote data-path-to-node=\"11\">\n<p data-path-to-node=\"11,0\"><i data-path-to-node=\"11,0\" data-index-in-node=\"0\">&#8220;V\u1edbi N\u00f4ng An, m\u1ed7i c\u00e2y S\u1ed1ng \u0110\u1eddi \u0111\u01b0\u1ee3c trao \u0111i l\u00e0 m\u1ed9t n\u1ed7i lo \u0111\u1ea7u ra c\u1ee7a ng\u01b0\u1eddi n\u00f4ng d\u00e2n \u0111\u01b0\u1ee3c gi\u1ea3i t\u1ecfa, ti\u1ebfp th\u00eam \u0111\u1ed9ng l\u1ef1c \u0111\u1ec3 h\u1ecd g\u1eafn b\u00f3 v\u00e0 ph\u00e1t tri\u1ec3n ngh\u1ec1 n\u00f4ng b\u1ec1n v\u1eefng.&#8221;<\/i><\/p>\n<\/blockquote>\n","protected":false},"excerpt":{"rendered":"<ul data-path-to-node=\"5\">\n<li>\n<p data-path-to-node=\"5,0,0\"><b data-path-to-node=\"5,0,0\" data-index-in-node=\"0\">V\u1ebb \u0111\u1eb9p \u0111a s\u1eafc:<\/b> Nh\u1eefng ch\u00f9m hoa nh\u1ecf li ti v\u1edbi \u0111\u1ee7 m\u00e0u s\u1eafc t\u1eeb \u0111\u1ecf, h\u1ed3ng, v\u00e0ng \u0111\u1ebfn cam, n\u1edf r\u1ed9 v\u00e0 b\u1ec1n m\u00e0u trong th\u1eddi gian d\u00e0i.<\/p>\n<\/li>\n<li>\n<p data-path-to-node=\"5,1,0\"><b data-path-to-node=\"5,1,0\" data-index-in-node=\"0\">D\u1ec5 ch\u0103m s\u00f3c:<\/b> L\u00e0 lo\u00e0i c\u00e2y m\u1ecdng n\u01b0\u1edbc, S\u1ed1ng \u0110\u1eddi kh\u00f4ng \u0111\u00f2i h\u1ecfi nhi\u1ec1u c\u00f4ng s\u1ee9c t\u01b0\u1edbi t\u1eafm, r\u1ea5t ph\u00f9 h\u1ee3p v\u1edbi nh\u1eefng ng\u01b0\u1eddi b\u1eadn r\u1ed9n.<\/p>\n<\/li>\n<li>\n<p data-path-to-node=\"5,2,0\"><b data-path-to-node=\"5,2,0\" data-index-in-node=\"0\">Thanh l\u1ecdc kh\u00f4ng kh\u00ed:<\/b> C\u00e2y c\u00f3 kh\u1ea3 n\u0103ng h\u1ea5p th\u1ee5 kh\u00ed \u0111\u1ed9c, mang l\u1ea1i b\u1ea7u kh\u00f4ng kh\u00ed trong l\u00e0nh v\u00e0 xanh m\u00e1t cho c\u0103n ph\u00f2ng c\u1ee7a b\u1ea1n.<\/p>\n<\/li>\n<\/ul>\n","protected":false},"featured_media":261,"comment_status":"open","ping_status":"closed","template":"","meta":[],"product_brand":[],"product_cat":[32],"product_tag":[33,35],"class_list":{"0":"post-248","1":"product","2":"type-product","3":"status-publish","4":"has-post-thumbnail","6":"product_cat-cay-phoi-san","7":"product_tag-cay-kieng","8":"product_tag-cay-phoi-canh","10":"first","11":"instock","12":"shipping-taxable","13":"product-type-simple"},"_links":{"self":[{"href":"https:\/\/nongan.site\/index.php\/wp-json\/wp\/v2\/product\/248","targetHints":{"allow":["GET"]}}],"collection":[{"href":"https:\/\/nongan.site\/index.php\/wp-json\/wp\/v2\/product"}],"about":[{"href":"https:\/\/nongan.site\/index.php\/wp-json\/wp\/v2\/types\/product"}],"replies":[{"embeddable":true,"href":"https:\/\/nongan.site\/index.php\/wp-json\/wp\/v2\/comments?post=248"}],"wp:featuredmedia":[{"embeddable":true,"href":"https:\/\/nongan.site\/index.php\/wp-json\/wp\/v2\/media\/261"}],"wp:attachment":[{"href":"https:\/\/nongan.site\/index.php\/wp-json\/wp\/v2\/media?parent=248"}],"wp:term":[{"taxonomy":"product_brand","embeddable":true,"href":"https:\/\/nongan.site\/index.php\/wp-json\/wp\/v2\/product_brand?post=248"},{"taxonomy":"product_cat","embeddable":true,"href":"https:\/\/nongan.site\/index.php\/wp-json\/wp\/v2\/product_cat?post=248"},{"taxonomy":"product_tag","embeddable":true,"href":"https:\/\/nongan.site\/index.php\/wp-json\/wp\/v2\/product_tag?post=248"}],"curies":[{"name":"wp","href":"https:\/\/api.w.org\/{rel}","templated":true}]}}